{"id":250,"date":"2017-07-03T14:49:33","date_gmt":"2017-07-03T13:49:33","guid":{"rendered":"https:\/\/goulyzia.wordpress.com\/?page_id=2"},"modified":"2026-02-23T12:19:20","modified_gmt":"2026-02-23T11:19:20","slug":"a-propos","status":"publish","type":"page","link":"https:\/\/goulyzia.net\/index.php\/a-propos\/","title":{"rendered":"Faisons connaissance"},"content":{"rendered":"\n<p class=\"has-text-align-left\"> Docteur en Droit international de l&rsquo;Universit\u00e9 F\u00e9lix Houphou\u00ebt Boigny, Fid\u00e8le Goulyzia cumule une quinzaine d&rsquo;ann\u00e9es d&rsquo;exp\u00e9rience dans le journalisme. En 2025, il a \u00e9t\u00e9 laur\u00e9at du Grand Prix National Bernard Dadi\u00e9 de Litt\u00e9rature de C\u00f4te d&rsquo;Ivoire, pour son troisi\u00e8me roman \u00ab\u00a0Malo-Woussou\u00a0\u00bb. Il s&rsquo;agit de la plus prestigieuse distinction litt\u00e9raire de son pays.\n\n\n\n<p class=\"has-text-align-left\">Dipl\u00f4m\u00e9 de l&rsquo;Universit\u00e9 de Bourgogne (France) en Relations internationales et Action humanitaire, il a soutenu le 21 octobre 2024 sa th\u00e8se de 3\u00e8 cycle en Droit international \u00e0 la <strong><em>Chaire UNESCO pour la culture de la paix de l&rsquo;Universit\u00e9 F\u00e9lix Houphou\u00ebt Boigny d&rsquo;Abidjan<\/em><\/strong>. Sa th\u00e8se porte sur <em><span><b>la mise en <\/b><\/span><strong>\u0153uvre nationale du Droit international humanitaire en C\u00f4te d&rsquo;Ivoire<\/strong><\/em> (<em>Lire son article sur la r\u00e9pression des crimes graves du droit humanitaire en C\u00f4te d&rsquo;Ivoire publi\u00e9 dans la revue italienne de droit international OIDU du 15 mai 2022<\/em> (<a href=\"https:\/\/www.rivistaoidu.net\/wp-content\/uploads\/2022\/05\/7_Gouliza-1.pdf\">https:\/\/www.rivistaoidu.net\/wp-content\/uploads\/2022\/05\/7_Gouliza-1.pdf<\/a>). Il a particip\u00e9 du 11 au 29 juillet 2022 \u00e0 la 91\u00e8 session des Cours d&rsquo;\u00e9t\u00e9 de la prestigieuse Acad\u00e9mie de droit international de La Haye aux Pays-Bas.<\/p>\n\n\n\n<figure class=\"wp-block-image size-full is-resized\"><img loading=\"lazy\" decoding=\"async\" src=\"https:\/\/goulyzia.net\/wp-content\/uploads\/2022\/09\/FB_IMG_1664570383821.jpg\" alt=\"\" class=\"wp-image-3842\" width=\"479\" height=\"474\"\/><\/figure>\n\n\n\n<figure class=\"wp-block-image size-large is-resized\"><img loading=\"lazy\" decoding=\"async\" src=\"https:\/\/goulyzia.net\/wp-content\/uploads\/2022\/09\/FB_IMG_1664570402789-1024x683.jpg\" alt=\"\" class=\"wp-image-3843\" width=\"482\" height=\"321\"\/><\/figure>\n\n\n\n<figure class=\"wp-block-image size-full is-resized\"><img loading=\"lazy\" decoding=\"async\" src=\"https:\/\/goulyzia.net\/wp-content\/uploads\/2022\/09\/FB_IMG_1664570483967.jpg\" alt=\"\" class=\"wp-image-3844\" width=\"483\" height=\"239\"\/><\/figure>\n\n\n\n<p class=\"has-text-align-left\">Il a exerc\u00e9 pendant une quinzaine d&rsquo;ann\u00e9es dans divers m\u00e9dias sur le continent africain, successivement en tant que reporter, pr\u00e9sentateur et chroniqueur en radio (Radio Amiti\u00e9 &#8211; Radio Elit &#8211; Atlantique FM \/C\u00f4te d&rsquo;Ivoire),&nbsp; en agence de presse priv\u00e9e (Alerte Info) , en t\u00e9l\u00e9vision (Reporter et chroniqueur pour LC2 T\u00e9l\u00e9vision, pigiste pour Vox Africa, Africable et CGTN fran\u00e7ais &#8211; ex-CCTV-, cha\u00eene publique chinoise en version fran\u00e7aise). Passionn\u00e9 d&rsquo;\u00e9criture, il a commis son tout premier roman,&nbsp; <strong>Tchapalo Tango<\/strong>, fin octobre 2019 aux <strong>Editions Captiot<\/strong>. L&rsquo;\u0153uvre, premier-n\u00e9 d&rsquo;une s\u00e9rie de 7 romans, \u00e9voque la question de la libert\u00e9 de la presse et du d\u00e9ni de d\u00e9mocratie dans un contexte de menace terroriste <a href=\"https:\/\/www.estrepublicain.fr\/edition-besancon\/2019\/12\/07\/un-roman-sur-la-liberte-de-la-presse\">https:\/\/www.estrepublicain.fr\/edition-besancon\/2019\/12\/07\/un-roman-sur-la-liberte-de-la-presse<\/a><\/p>\n\n\n\nEn 1998, il a d\u00e9croch\u00e9 son <strong>Bac litt\u00e9raire avec mention Bien<\/strong> au Lyc\u00e9e Moderne de San Pedro (sud-ouest ivoirien). En 2005, il a remport\u00e9 avec l&rsquo;\u00e9quipe de l&rsquo;Universit\u00e9 F\u00e9lix Houphou\u00ebt Boigny de Cocody, <strong>le premier concours de plaidoirie en Droit international humanitaire organis\u00e9 par le CICR<\/strong>&nbsp; qui r\u00e9unissait \u00e0 Dakar au S\u00e9n\u00e9gal une dizaine d&rsquo;universit\u00e9s d&rsquo;Afrique francophone. <\/p>\n\n\n\n<figure class=\"wp-block-image size-full is-resized\"><img loading=\"lazy\" decoding=\"async\" src=\"https:\/\/goulyzia.net\/wp-content\/uploads\/2022\/10\/g240.jpg\" alt=\"\" class=\"wp-image-3871\" width=\"490\" height=\"306\"\/><figcaption class=\"wp-element-caption\">Les \u00e9quipes du B\u00e9nin et de la C\u00f4te d\u2019Ivoire finalistes de la 1\u00e8re \u00e9dition du Concours r\u00e9gional de plaidoirie en DIH organis\u00e9 \u00e0 Dakar par le CICR en 2005<\/figcaption><\/figure>\n\n\n\n<p>Ces dix derni\u00e8res ann\u00e9es, il a enrichi son profil de reporter en parcourant l&rsquo;Afrique de l&rsquo;ouest et l&rsquo;Afrique centrale pour la r\u00e9alisation de documentaires et \u00e0 l&rsquo;occasion d&rsquo;un voyage de presse aux Emirats arabes unis pour le compte de la cha\u00eene panafricaine Afrikatv dont il a \u00e9t\u00e9 pendant quatre ann\u00e9es le r\u00e9dacteur en chef. <\/p>\n\n\n\n<figure class=\"wp-block-image size-full is-resized\"><img loading=\"lazy\" decoding=\"async\" src=\"https:\/\/goulyzia.net\/wp-content\/uploads\/2022\/10\/Abu.jpg\" alt=\"\" class=\"wp-image-3864\" width=\"461\" height=\"345\"\/><figcaption class=\"wp-element-caption\">A Abu Dhabi aux Emirats arabes unis lors du  Sommet mondial <br>des femmes pr\u00e9sidentes de parlement<\/figcaption><\/figure>\n\n\n\n<p>En mai 2017, il a obtenu \u00e0 Casablanca au Maroc le prix de l&rsquo;ann\u00e9e du reportage audiovisuel de la Fondation Mohammed VI pour la protection de l&rsquo;Environnement, pour son reportage sur un village malien \u00e9lectrifi\u00e9 \u00e0 l&rsquo;hydrog\u00e8ne naturel (<a rel=\"noopener\" href=\"https:\/\/youtu.be\/cBRlGUKVW2Q\" target=\"_blank\">Reportage&nbsp; audiovisuel de l&rsquo;ann\u00e9e 2016 prim\u00e9 par la Fondation Mohammed VI pour la protection de l&rsquo;Environnement).<\/a><\/p>\n\n\n\n<figure class=\"wp-block-image size-full is-resized\"><img loading=\"lazy\" decoding=\"async\" src=\"https:\/\/goulyzia.net\/wp-content\/uploads\/2022\/10\/Mohamed.jpg\" alt=\"\" class=\"wp-image-3865\" width=\"324\" height=\"432\"\/><figcaption class=\"wp-element-caption\">A Rabat, \u00e0 l&rsquo;ambassade de C\u00f4te d&rsquo;Ivoire au Maroc pour pr\u00e9senter le prix de la Fondation Mohammed VI pour la protection de l&rsquo;environnement<\/figcaption><\/figure>\n\n\n\n<p>Pendant la saison radiophonique 2017-2018, il a anim\u00e9 sur <em>RCF en Franche-Comt\u00e9<\/em> (Est de la France) une quarantaine de th\u00e9matiques sur l&rsquo;actualit\u00e9 africaine dans sa chronique hebdomadaire <em>Echos d&rsquo;Afrique&nbsp;<\/em> ( \u00e0 r\u00e9\u00e9couter sur https:\/\/soundcloud.com\/stream).<\/p>\n\n\n\n<p>Durant la m\u00eame saison radiophonique, il est intervenu r\u00e9guli\u00e8rement sur <em>Radio Sud Besan\u00e7on<\/em> pour une chronique hebdomadaire consacr\u00e9e \u00e0 la revue de presse africaine et intitul\u00e9e <em>Kiosque d&rsquo;Afrique<\/em>.<\/p>\n\n\n\n<figure class=\"wp-block-image size-full is-resized\"><img loading=\"lazy\" decoding=\"async\" src=\"https:\/\/goulyzia.net\/wp-content\/uploads\/2022\/10\/20221001_000346.jpg\" alt=\"\" class=\"wp-image-3860\" width=\"503\" height=\"281\"\/><\/figure>\n\n\n\n<p>Passionn\u00e9 de l&rsquo;humanitaire, il a \u00e9t\u00e9 secouriste b\u00e9n\u00e9vole \u00e0 la section locale de la Croix-Rouge de Cocody \u00e0 Abidjan et reporter dans des missions humanitaires m\u00e9dicales annuelles organis\u00e9es par la<em> Fondation G\u00e9n\u00e9ration \u00e0 venir<\/em> au Congo-Brazzaville (<a href=\"https:\/\/youtu.be\/pptlp3_mhd8\">documentaire de 26 mn r\u00e9alis\u00e9 sur la campagne humanitaire dans l&rsquo;extr\u00eame nord du Congo-Brazzaville en 2015<\/a>).<\/p>\n\n\n\n<figure class=\"wp-block-image size-large is-resized\"><img loading=\"lazy\" decoding=\"async\" src=\"https:\/\/goulyzia.net\/wp-content\/uploads\/2022\/10\/Congo-1024x768.jpg\" alt=\"\" class=\"wp-image-3866\" width=\"490\" height=\"367\"\/><figcaption class=\"wp-element-caption\">Campagne humanitaire dans l&rsquo;extr\u00eame-nord du Congo-Brazzaville \u00e0 la fronti\u00e8re avec le Cameroun <\/figcaption><\/figure>\n\n\n\n<p>A l&rsquo;actif de son engagement associatif, il a \u00e9t\u00e9 b\u00e9n\u00e9vole \u00e0 l&rsquo;association fran\u00e7aise <a href=\"https:\/\/www.prison-insider.com\/\">Prison Insider<\/a>&nbsp;pour laquelle<span style=\"color: var(--color-text);\">&nbsp;il a recueilli les t\u00e9moignages d&rsquo;incarc\u00e9ration d&rsquo;anciens d\u00e9tenus ou de personnes en lien avec l&rsquo;univers carc\u00e9ral. En 2017,&nbsp; il a conduit la communication internationale du 17\u00e8 Festival de cin\u00e9ma&nbsp;<\/span><em style=\"color: var(--color-text);\">Lumi\u00e8res d&rsquo;Afrique<\/em><span style=\"color: var(--color-text);\"> de Besan\u00e7on organis\u00e9 par&nbsp;<\/span><em style=\"color: var(--color-text);\">l&rsquo;APACA (Association pour la promotion des arts et cultures d&rsquo;Afrique<\/em><span style=\"color: var(--color-text);\">)&nbsp; dans la ville natale de Victor Hugo et des fr\u00e8res Lumi\u00e8re.<\/span><\/p>\n\n\n\n<figure class=\"wp-block-embed is-type-video is-provider-youtube wp-block-embed-youtube wp-embed-aspect-16-9 wp-has-aspect-ratio\"><div class=\"wp-block-embed__wrapper\">\n<iframe loading=\"lazy\" title=\"Festival &quot;Lumi\u00e8res d&#039;Afrique&quot; \u00e0 Besan\u00e7on [Grand Angle]\" width=\"640\" height=\"360\" src=\"https:\/\/www.youtube.com\/embed\/JP-wrEZaiz4?start=5&#038;feature=oembed\" frameborder=\"0\" allow=\"accelerometer; autoplay; clipboard-write; encrypted-media; gyroscope; picture-in-picture; web-share\" referrerpolicy=\"strict-origin-when-cross-origin\" allowfullscreen><\/iframe>\n<\/div><\/figure>\n\n\n\n<p><\/p>\n","protected":false},"excerpt":{"rendered":"<p>Ceci est un petit extrait destin\u00e9 \u00e0 la &nbsp;page \u00ab \u00c0 propos \u00bb.<\/p>\n","protected":false},"author":2,"featured_media":4785,"parent":0,"menu_order":1,"comment_status":"closed","ping_status":"closed","template":"","meta":{"footnotes":""},"class_list":["post-250","page","type-page","status-publish","has-post-thumbnail","hentry"],"_links":{"self":[{"href":"https:\/\/goulyzia.net\/index.php\/wp-json\/wp\/v2\/pages\/250","targetHints":{"allow":["GET"]}}],"collection":[{"href":"https:\/\/goulyzia.net\/index.php\/wp-json\/wp\/v2\/pages"}],"about":[{"href":"https:\/\/goulyzia.net\/index.php\/wp-json\/wp\/v2\/types\/page"}],"author":[{"embeddable":true,"href":"https:\/\/goulyzia.net\/index.php\/wp-json\/wp\/v2\/users\/2"}],"replies":[{"embeddable":true,"href":"https:\/\/goulyzia.net\/index.php\/wp-json\/wp\/v2\/comments?post=250"}],"version-history":[{"count":8,"href":"https:\/\/goulyzia.net\/index.php\/wp-json\/wp\/v2\/pages\/250\/revisions"}],"predecessor-version":[{"id":4979,"href":"https:\/\/goulyzia.net\/index.php\/wp-json\/wp\/v2\/pages\/250\/revisions\/4979"}],"wp:featuredmedia":[{"embeddable":true,"href":"https:\/\/goulyzia.net\/index.php\/wp-json\/wp\/v2\/media\/4785"}],"wp:attachment":[{"href":"https:\/\/goulyzia.net\/index.php\/wp-json\/wp\/v2\/media?parent=250"}],"curies":[{"name":"wp","href":"https:\/\/api.w.org\/{rel}","templated":true}]}}